{"id":122,"date":"2026-01-22T01:33:14","date_gmt":"2026-01-22T01:33:14","guid":{"rendered":"https:\/\/goldendragonmuseum.swim.net.au\/?page_id=122"},"modified":"2026-04-27T23:15:21","modified_gmt":"2026-04-27T23:15:21","slug":"quan-he-doi-tac","status":"publish","type":"page","link":"https:\/\/goldendragonmuseum.org\/vi\/explore\/support-join\/partnership\/","title":{"rendered":"\u0110\u1ed1i t\u00e1c c\u1ee7a ch\u00fang t\u00f4i"},"content":{"rendered":"<p><\/p>\n\n\n\n<div class=\"wp-block-group is-layout-constrained wp-container-core-group-is-layout-801f6f31 wp-block-group-is-layout-constrained\">\n<h2 class=\"wp-block-heading has-text-align-center\"><strong>C\u1ea3m \u01a1n!<\/strong><\/h2>\n\n\n\n<p class=\"has-text-align-center\" style=\"font-style:normal;font-weight:500\">B\u1ea3o t\u00e0ng R\u1ed3ng V\u00e0ng tr\u00e2n tr\u1ecdng t\u1ea5t c\u1ea3 c\u00e1c \u0111\u1ed1i t\u00e1c \u0111\u00e3 h\u1ed7 tr\u1ee3 c\u00f4ng vi\u1ec7c c\u1ee7a ch\u00fang t\u00f4i v\u00e0 \u0111\u00f3ng g\u00f3p quan tr\u1ecdng v\u00e0o s\u1ef1 th\u00e0nh c\u00f4ng v\u00e0 b\u1ec1n v\u1eefng l\u00e2u d\u00e0i c\u1ee7a b\u1ea3o t\u00e0ng.<\/p>\n\n\n\n<p class=\"has-text-align-center\">Ch\u00fang t\u00f4i h\u1ee3p t\u00e1c ch\u1eb7t ch\u1ebd v\u1edbi t\u1eebng \u0111\u1ed1i t\u00e1c \u0111\u1ec3 ph\u00e1t tri\u1ec3n m\u1ed1i quan h\u1ec7 l\u00e2u d\u00e0i, c\u00f9ng c\u00f3 l\u1ee3i, mang l\u1ea1i nh\u1eefng l\u1ee3i \u00edch c\u00f3 th\u1ec3 \u0111o l\u01b0\u1eddng, \u00fd ngh\u0129a v\u00e0 t\u00e1c \u0111\u1ed9ng t\u00edch c\u1ef1c cho h\u1ecd v\u00e0 cho B\u1ea3o t\u00e0ng R\u1ed3ng V\u00e0ng.<\/p>\n\n\n\n<p class=\"has-text-align-center\">N\u1ebfu b\u1ea1n mu\u1ed1n th\u1ea3o lu\u1eadn v\u1ec1 c\u00e1ch b\u1ea1n ho\u1eb7c doanh nghi\u1ec7p c\u1ee7a b\u1ea1n c\u00f3 th\u1ec3 tr\u1edf th\u00e0nh \u0110\u1ed1i t\u00e1c c\u1ee7a B\u1ea3o t\u00e0ng, vui l\u00f2ng li\u00ean h\u1ec7 v\u1edbi Hugo Leschen, Gi\u00e1m \u0111\u1ed1c \u0111i\u1ec1u h\u00e0nh:&nbsp;<a href=\"mailto:ceo@goldendragonmuseum.org\">ceo@goldendragonmuseum.org<\/a>&nbsp;<br>ho\u1eb7c g\u1ecdi s\u1ed1 03 5441 5044<\/p>\n<\/div>\n\n\n\n<hr class=\"wp-block-separator has-text-color has-amber-300-color has-alpha-channel-opacity has-amber-300-background-color has-background\"\/>\n\n\n\n<div class=\"wp-block-group is-layout-constrained wp-block-group-is-layout-constrained\">\n<h2 class=\"wp-block-heading\"><strong>C\u00e1c \u0111\u1ed1i t\u00e1c ch\u00ednh c\u1ee7a d\u1ef1 \u00e1n<\/strong><\/h2>\n\n\n\n<div class=\"wp-block-group is-style-collection is-layout-grid wp-container-core-group-is-layout-baef362d wp-block-group-is-layout-grid\">\n<div class=\"wp-block-group is-layout-constrained wp-block-group-is-layout-constrained\">\n<p class=\"has-text-align-center\" style=\"font-style:normal;font-weight:500\">D\u1ef1 \u00e1n t\u00e1i ph\u00e1t tri\u1ec3n khu tri\u1ec3n l\u00e3m 2025 \u2013 2032<\/p>\n\n\n\n<div class=\"wp-block-group is-layout-constrained wp-block-group-is-layout-constrained\" style=\"padding-top:var(--wp--preset--spacing--50);padding-bottom:0\">\n<h2 class=\"wp-block-heading has-text-align-center has-black-color has-text-color has-link-color wp-elements-dba260df430e76171b555407f5710e01\" style=\"font-style:normal;font-weight:500\">Don v\u00e0 Marj McKinnon<\/h2>\n<\/div>\n<\/div>\n\n\n\n<div class=\"wp-block-group is-layout-constrained wp-block-group-is-layout-constrained\">\n<p class=\"has-text-align-center\" style=\"font-style:normal;font-weight:500\">Ch\u01b0\u01a1ng tr\u00ecnh g\u1eafn k\u1ebft c\u1ed9ng \u0111\u1ed3ng 2025 \u2013 2028<\/p>\n\n\n\n<figure class=\"wp-block-image aligncenter size-full\"><img loading=\"lazy\" decoding=\"async\" width=\"400\" height=\"124\" src=\"https:\/\/goldendragonmuseum.org\/app\/uploads\/2026\/03\/561b8a81474c7025f63065f33c9bd9c31814e5c0-1.png\" alt=\"\" class=\"wp-image-788\" srcset=\"https:\/\/goldendragonmuseum.org\/app\/uploads\/2026\/03\/561b8a81474c7025f63065f33c9bd9c31814e5c0-1.png 400w, https:\/\/goldendragonmuseum.org\/app\/uploads\/2026\/03\/561b8a81474c7025f63065f33c9bd9c31814e5c0-1-300x93.png 300w\" sizes=\"auto, (max-width: 400px) 100vw, 400px\" \/><\/figure>\n<\/div>\n\n\n\n<div class=\"wp-block-group is-layout-constrained wp-block-group-is-layout-constrained\">\n<p class=\"has-text-align-center\" style=\"font-style:normal;font-weight:500\">Kh\u00f4ng gian tri\u1ec3n l\u00e3m t\u1ea1m th\u1eddi 2024-2026<\/p>\n\n\n\n<figure class=\"wp-block-image aligncenter size-full\"><img loading=\"lazy\" decoding=\"async\" width=\"400\" height=\"124\" src=\"https:\/\/goldendragonmuseum.org\/app\/uploads\/2026\/03\/561b8a81474c7025f63065f33c9bd9c31814e5c0.png\" alt=\"\" class=\"wp-image-732\" srcset=\"https:\/\/goldendragonmuseum.org\/app\/uploads\/2026\/03\/561b8a81474c7025f63065f33c9bd9c31814e5c0.png 400w, https:\/\/goldendragonmuseum.org\/app\/uploads\/2026\/03\/561b8a81474c7025f63065f33c9bd9c31814e5c0-300x93.png 300w\" sizes=\"auto, (max-width: 400px) 100vw, 400px\" \/><\/figure>\n<\/div>\n\n\n\n<div class=\"wp-block-group is-layout-constrained wp-block-group-is-layout-constrained\">\n<p class=\"has-text-align-center\" style=\"font-style:normal;font-weight:500\">Thi\u1ebft k\u1ebf chi ti\u1ebft v\u00e0 quy ho\u1ea1ch \u0111\u00f4 th\u1ecb 2025 \u2013 2026<\/p>\n\n\n\n<figure class=\"wp-block-image aligncenter size-full\"><img loading=\"lazy\" decoding=\"async\" width=\"400\" height=\"209\" src=\"https:\/\/goldendragonmuseum.org\/app\/uploads\/2026\/04\/australian-government.png\" alt=\"\" class=\"wp-image-1819\" srcset=\"https:\/\/goldendragonmuseum.org\/app\/uploads\/2026\/04\/australian-government.png 400w, https:\/\/goldendragonmuseum.org\/app\/uploads\/2026\/04\/australian-government-300x157.png 300w\" sizes=\"auto, (max-width: 400px) 100vw, 400px\" \/><\/figure>\n<\/div>\n\n\n\n<div class=\"wp-block-group is-layout-constrained wp-block-group-is-layout-constrained\">\n<p class=\"has-text-align-center\" style=\"font-style:normal;font-weight:500\">Nh\u00e0 t\u00e0i tr\u1ee3 ch\u00ednh th\u1ee9c T\u1ebft Nguy\u00ean \u0110\u00e1n 2022, 2023, 2024, 2025 v\u00e0 2026.<\/p>\n\n\n\n<figure class=\"wp-block-image aligncenter size-full\"><img loading=\"lazy\" decoding=\"async\" width=\"400\" height=\"124\" src=\"https:\/\/goldendragonmuseum.org\/app\/uploads\/2026\/03\/6a85e1a7bcbd3d7a950460fb7165a94d7e6b4a4d.png\" alt=\"\" class=\"wp-image-726\" srcset=\"https:\/\/goldendragonmuseum.org\/app\/uploads\/2026\/03\/6a85e1a7bcbd3d7a950460fb7165a94d7e6b4a4d.png 400w, https:\/\/goldendragonmuseum.org\/app\/uploads\/2026\/03\/6a85e1a7bcbd3d7a950460fb7165a94d7e6b4a4d-300x93.png 300w\" sizes=\"auto, (max-width: 400px) 100vw, 400px\" \/><\/figure>\n<\/div>\n\n\n\n<div class=\"wp-block-group is-layout-constrained wp-block-group-is-layout-constrained\">\n<p class=\"has-text-align-center\" style=\"font-style:normal;font-weight:500\">N\u00e2ng c\u1ea5p trang web \u2013 Giai \u0111o\u1ea1n m\u1ed9t 2025<\/p>\n\n\n\n<figure class=\"wp-block-image aligncenter size-full\"><img loading=\"lazy\" decoding=\"async\" width=\"490\" height=\"396\" src=\"https:\/\/goldendragonmuseum.org\/app\/uploads\/2026\/04\/ausgov-buildingaustralia.png\" alt=\"\" class=\"wp-image-1817\" srcset=\"https:\/\/goldendragonmuseum.org\/app\/uploads\/2026\/04\/ausgov-buildingaustralia.png 490w, https:\/\/goldendragonmuseum.org\/app\/uploads\/2026\/04\/ausgov-buildingaustralia-300x242.png 300w\" sizes=\"auto, (max-width: 490px) 100vw, 490px\" \/><\/figure>\n<\/div>\n\n\n\n<div class=\"wp-block-group is-layout-constrained wp-block-group-is-layout-constrained\">\n<p class=\"has-text-align-center\" style=\"font-style:normal;font-weight:500\">Thi\u1ebft k\u1ebf s\u01a1 \u0111\u1ed3 v\u00e0 b\u1ea3n t\u00f3m t\u1eaft ch\u1ee9c n\u0103ng n\u0103m 2025<\/p>\n\n\n\n<figure class=\"wp-block-image aligncenter size-full\"><img loading=\"lazy\" decoding=\"async\" width=\"400\" height=\"124\" src=\"https:\/\/goldendragonmuseum.org\/app\/uploads\/2026\/03\/384a056a2d60675169ea1ad5bf216fec7239d147-1.png\" alt=\"\" class=\"wp-image-787\" srcset=\"https:\/\/goldendragonmuseum.org\/app\/uploads\/2026\/03\/384a056a2d60675169ea1ad5bf216fec7239d147-1.png 400w, https:\/\/goldendragonmuseum.org\/app\/uploads\/2026\/03\/384a056a2d60675169ea1ad5bf216fec7239d147-1-300x93.png 300w\" sizes=\"auto, (max-width: 400px) 100vw, 400px\" \/><\/figure>\n<\/div>\n\n\n\n<div class=\"wp-block-group is-layout-constrained wp-block-group-is-layout-constrained\">\n<p class=\"has-text-align-center\" style=\"font-style:normal;font-weight:500\">D\u1ef1 \u00e1n b\u1ea3o t\u1ed3n trang ph\u1ee5c s\u01b0 t\u1eed n\u0103m 2024<\/p>\n\n\n\n<figure class=\"wp-block-image aligncenter size-full\"><img loading=\"lazy\" decoding=\"async\" width=\"400\" height=\"124\" src=\"https:\/\/goldendragonmuseum.org\/app\/uploads\/2026\/03\/94466895c71fd9b543db7ccdf0da4ea58163d48f.png\" alt=\"\" class=\"wp-image-735\" srcset=\"https:\/\/goldendragonmuseum.org\/app\/uploads\/2026\/03\/94466895c71fd9b543db7ccdf0da4ea58163d48f.png 400w, https:\/\/goldendragonmuseum.org\/app\/uploads\/2026\/03\/94466895c71fd9b543db7ccdf0da4ea58163d48f-300x93.png 300w\" sizes=\"auto, (max-width: 400px) 100vw, 400px\" \/><\/figure>\n<\/div>\n\n\n\n<div class=\"wp-block-group is-layout-constrained wp-block-group-is-layout-constrained\">\n<p class=\"has-text-align-center\" style=\"font-style:normal;font-weight:500\">Tour t\u1ef1 t\u00fac b\u1eb1ng ng\u00f4n ng\u1eef k\u00fd hi\u1ec7u Auslan 2023-2024<\/p>\n\n\n\n<figure class=\"wp-block-image aligncenter size-full\"><img loading=\"lazy\" decoding=\"async\" width=\"400\" height=\"124\" src=\"https:\/\/goldendragonmuseum.org\/app\/uploads\/2026\/03\/13c9a5276b5a92611d325a59a2631d20566b3951.png\" alt=\"\" class=\"wp-image-728\" srcset=\"https:\/\/goldendragonmuseum.org\/app\/uploads\/2026\/03\/13c9a5276b5a92611d325a59a2631d20566b3951.png 400w, https:\/\/goldendragonmuseum.org\/app\/uploads\/2026\/03\/13c9a5276b5a92611d325a59a2631d20566b3951-300x93.png 300w\" sizes=\"auto, (max-width: 400px) 100vw, 400px\" \/><\/figure>\n<\/div>\n\n\n\n<div class=\"wp-block-group is-layout-constrained wp-block-group-is-layout-constrained\">\n<p class=\"has-text-align-center\" style=\"font-style:normal;font-weight:500\">D\u1ef1 \u00e1n quy ho\u1ea1ch t\u1ed5ng th\u1ec3 di\u1ec5n gi\u1ea3i n\u0103m 2024<\/p>\n\n\n\n<figure class=\"wp-block-image aligncenter size-full\"><img loading=\"lazy\" decoding=\"async\" width=\"238\" height=\"150\" src=\"https:\/\/goldendragonmuseum.org\/app\/uploads\/2026\/03\/94174595412e0ca3522e506520d829a5088cd0e0.png\" alt=\"\" class=\"wp-image-736\"\/><\/figure>\n<\/div>\n\n\n\n<div class=\"wp-block-group is-layout-constrained wp-block-group-is-layout-constrained\">\n<p class=\"has-text-align-center\" style=\"font-style:normal;font-weight:500\">D\u1ef1 \u00e1n s\u1ed1 h\u00f3a t\u00e0i li\u1ec7u l\u01b0u tr\u1eef n\u0103m 2023<\/p>\n\n\n\n<figure class=\"wp-block-image aligncenter size-full\"><img loading=\"lazy\" decoding=\"async\" width=\"400\" height=\"124\" src=\"https:\/\/goldendragonmuseum.org\/app\/uploads\/2026\/03\/6d4b388b2958da941231446f7a2155cc573338f0.png\" alt=\"\" class=\"wp-image-727\" srcset=\"https:\/\/goldendragonmuseum.org\/app\/uploads\/2026\/03\/6d4b388b2958da941231446f7a2155cc573338f0.png 400w, https:\/\/goldendragonmuseum.org\/app\/uploads\/2026\/03\/6d4b388b2958da941231446f7a2155cc573338f0-300x93.png 300w\" sizes=\"auto, (max-width: 400px) 100vw, 400px\" \/><\/figure>\n<\/div>\n\n\n\n<div class=\"wp-block-group is-layout-constrained wp-block-group-is-layout-constrained\">\n<p class=\"has-text-align-center\" style=\"font-style:normal;font-weight:500\">D\u1ef1 \u00e1n t\u00e1i ph\u00e1t tri\u1ec3n b\u1ed9 s\u01b0u t\u1eadp<\/p>\n\n\n\n<figure class=\"wp-block-image aligncenter size-full\"><img loading=\"lazy\" decoding=\"async\" width=\"400\" height=\"124\" src=\"https:\/\/goldendragonmuseum.org\/app\/uploads\/2026\/03\/27c2d76e562258b4dc24e6e770da3cbaf08ea860.png\" alt=\"\" class=\"wp-image-729\" srcset=\"https:\/\/goldendragonmuseum.org\/app\/uploads\/2026\/03\/27c2d76e562258b4dc24e6e770da3cbaf08ea860.png 400w, https:\/\/goldendragonmuseum.org\/app\/uploads\/2026\/03\/27c2d76e562258b4dc24e6e770da3cbaf08ea860-300x93.png 300w\" sizes=\"auto, (max-width: 400px) 100vw, 400px\" \/><\/figure>\n<\/div>\n\n\n\n<div class=\"wp-block-group is-layout-constrained wp-block-group-is-layout-constrained\">\n<p class=\"has-text-align-center\" style=\"font-style:normal;font-weight:500\">D\u1ef1 \u00e1n b\u1ea3o t\u1ed3n Loong<\/p>\n\n\n\n<figure class=\"wp-block-image aligncenter size-full\"><img loading=\"lazy\" decoding=\"async\" width=\"400\" height=\"124\" src=\"https:\/\/goldendragonmuseum.org\/app\/uploads\/2026\/03\/a09440a3335e0ec9385b61d2b41257832a28c1ea.png\" alt=\"\" class=\"wp-image-737\" srcset=\"https:\/\/goldendragonmuseum.org\/app\/uploads\/2026\/03\/a09440a3335e0ec9385b61d2b41257832a28c1ea.png 400w, https:\/\/goldendragonmuseum.org\/app\/uploads\/2026\/03\/a09440a3335e0ec9385b61d2b41257832a28c1ea-300x93.png 300w\" sizes=\"auto, (max-width: 400px) 100vw, 400px\" \/><\/figure>\n<\/div>\n<\/div>\n<\/div>\n\n\n\n<hr class=\"wp-block-separator has-text-color has-amber-300-color has-alpha-channel-opacity has-amber-300-background-color has-background\"\/>\n\n\n\n<h2 class=\"wp-block-heading\"><strong>\u0110\u1ed1i t\u00e1c kinh doanh<\/strong><\/h2>\n\n\n\n<div class=\"wp-block-columns gap-2 is-layout-flex wp-container-core-columns-is-layout-9d6595d7 wp-block-columns-is-layout-flex\">\n<div class=\"wp-block-column is-vertically-aligned-top is-layout-flow wp-block-column-is-layout-flow\">\n<p class=\"has-text-align-center\">N\u00d3<\/p>\n\n\n\n<figure class=\"wp-block-image aligncenter size-full\"><img loading=\"lazy\" decoding=\"async\" width=\"400\" height=\"124\" src=\"https:\/\/goldendragonmuseum.org\/app\/uploads\/2026\/03\/192c322725482d3d25492f27a63e1ded6e65876a.png\" alt=\"\" class=\"wp-image-744\" srcset=\"https:\/\/goldendragonmuseum.org\/app\/uploads\/2026\/03\/192c322725482d3d25492f27a63e1ded6e65876a.png 400w, https:\/\/goldendragonmuseum.org\/app\/uploads\/2026\/03\/192c322725482d3d25492f27a63e1ded6e65876a-300x93.png 300w\" sizes=\"auto, (max-width: 400px) 100vw, 400px\" \/><\/figure>\n<\/div>\n\n\n\n<div class=\"wp-block-column is-vertically-aligned-top is-layout-flow wp-block-column-is-layout-flow\">\n<p class=\"has-text-align-center\">Thi\u1ebft k\u1ebf website<\/p>\n\n\n\n<div style=\"height:20px\" aria-hidden=\"true\" class=\"wp-block-spacer\"><\/div>\n\n\n\n<figure class=\"wp-block-image aligncenter size-medium is-resized\"><img loading=\"lazy\" decoding=\"async\" width=\"300\" height=\"98\" src=\"https:\/\/goldendragonmuseum.org\/app\/uploads\/2026\/03\/295b612d87410e71d17012e4ee3fcf06745a8e17-300x98.png\" alt=\"\" class=\"wp-image-745\" style=\"width:242px;height:auto\" srcset=\"https:\/\/goldendragonmuseum.org\/app\/uploads\/2026\/03\/295b612d87410e71d17012e4ee3fcf06745a8e17-300x98.png 300w, https:\/\/goldendragonmuseum.org\/app\/uploads\/2026\/03\/295b612d87410e71d17012e4ee3fcf06745a8e17.png 436w\" sizes=\"auto, (max-width: 300px) 100vw, 300px\" \/><\/figure>\n<\/div>\n\n\n\n<div class=\"wp-block-column is-vertically-aligned-top is-layout-flow wp-block-column-is-layout-flow\">\n<p class=\"has-text-align-center\">Bi\u1ec3n b\u00e1o<\/p>\n\n\n\n<figure class=\"wp-block-image aligncenter size-full\"><img loading=\"lazy\" decoding=\"async\" width=\"350\" height=\"68\" src=\"https:\/\/goldendragonmuseum.org\/app\/uploads\/2026\/04\/signarama-AU.webp\" alt=\"\" class=\"wp-image-1416\" srcset=\"https:\/\/goldendragonmuseum.org\/app\/uploads\/2026\/04\/signarama-AU.webp 350w, https:\/\/goldendragonmuseum.org\/app\/uploads\/2026\/04\/signarama-AU-300x58.webp 300w\" sizes=\"auto, (max-width: 350px) 100vw, 350px\" \/><\/figure>\n<\/div>\n\n\n\n<div class=\"wp-block-column is-vertically-aligned-top is-layout-flow wp-block-column-is-layout-flow\">\n<p class=\"has-text-align-center\">Thi\u1ebft k\u1ebf \u0111\u1ed3 h\u1ecda v\u00e0 b\u1ea3o tr\u00ec website<\/p>\n\n\n\n<figure class=\"wp-block-image aligncenter size-medium is-resized\"><img loading=\"lazy\" decoding=\"async\" width=\"300\" height=\"93\" src=\"https:\/\/goldendragonmuseum.org\/app\/uploads\/2026\/03\/da8eba0c47a4ff5972f7a45e5a79ae6ccd9e27cf-300x93.png\" alt=\"\" class=\"wp-image-749\" style=\"width:242px;height:auto\" srcset=\"https:\/\/goldendragonmuseum.org\/app\/uploads\/2026\/03\/da8eba0c47a4ff5972f7a45e5a79ae6ccd9e27cf-300x93.png 300w, https:\/\/goldendragonmuseum.org\/app\/uploads\/2026\/03\/da8eba0c47a4ff5972f7a45e5a79ae6ccd9e27cf.png 400w\" sizes=\"auto, (max-width: 300px) 100vw, 300px\" \/><\/figure>\n<\/div>\n<\/div>\n\n\n\n<div style=\"height:100px\" aria-hidden=\"true\" class=\"wp-block-spacer\"><\/div>","protected":false},"excerpt":{"rendered":"<p>Thank you! Golden Dragon Museum values all our partners who support our work and make an important contribution to our on-going success and sustainability. We work closely with each partner to develop a mutually beneficial, long-term relationship that has measurable, meaningful, and impactful benefits to them and to the Golden Dragon Museum. If you would [&hellip;]<\/p>\n","protected":false},"author":1,"featured_media":0,"parent":118,"menu_order":0,"comment_status":"closed","ping_status":"closed","template":"","meta":{"_acf_changed":false,"footnotes":""},"class_list":["post-122","page","type-page","status-publish","hentry"],"acf":[],"yoast_head":"<!-- This site is optimized with the Yoast SEO plugin v27.5 - https:\/\/yoast.com\/product\/yoast-seo-wordpress\/ -->\n<title>Our Partners - Golden Dragon Museum \u91d1\u9f99\u535a\u7269\u9986<\/title>\n<meta name=\"robots\" content=\"index, follow, max-snippet:-1, max-image-preview:large, max-video-preview:-1\" \/>\n<link rel=\"canonical\" href=\"https:\/\/goldendragonmuseum.org\/vi\/kham-pha\/ung-ho-tham-gia\/quan-he-doi-tac\/\" \/>\n<meta property=\"og:locale\" content=\"vi_VN\" \/>\n<meta property=\"og:type\" content=\"article\" \/>\n<meta property=\"og:title\" content=\"Our Partners - Golden Dragon Museum \u91d1\u9f99\u535a\u7269\u9986\" \/>\n<meta property=\"og:description\" content=\"Thank you! Golden Dragon Museum values all our partners who support our work and make an important contribution to our on-going success and sustainability. We work closely with each partner to develop a mutually beneficial, long-term relationship that has measurable, meaningful, and impactful benefits to them and to the Golden Dragon Museum. If you would [&hellip;]\" \/>\n<meta property=\"og:url\" content=\"https:\/\/goldendragonmuseum.org\/vi\/kham-pha\/ung-ho-tham-gia\/quan-he-doi-tac\/\" \/>\n<meta property=\"og:site_name\" content=\"Golden Dragon Museum \u91d1\u9f99\u535a\u7269\u9986\" \/>\n<meta property=\"article:modified_time\" content=\"2026-04-27T23:15:21+00:00\" \/>\n<meta property=\"og:image\" content=\"https:\/\/goldendragonmuseum.org\/app\/uploads\/2026\/03\/561b8a81474c7025f63065f33c9bd9c31814e5c0-1.png\" \/>\n\t<meta property=\"og:image:width\" content=\"400\" \/>\n\t<meta property=\"og:image:height\" content=\"124\" \/>\n\t<meta property=\"og:image:type\" content=\"image\/png\" \/>\n<meta name=\"twitter:card\" content=\"summary_large_image\" \/>\n<meta name=\"twitter:label1\" content=\"Est. reading time\" \/>\n\t<meta name=\"twitter:data1\" content=\"4 minutes\" \/>\n<script type=\"application\/ld+json\" class=\"yoast-schema-graph\">{\"@context\":\"https:\\\/\\\/schema.org\",\"@graph\":[{\"@type\":\"WebPage\",\"@id\":\"https:\\\/\\\/goldendragonmuseum.org\\\/de\\\/explore\\\/support-join\\\/partnership\\\/\",\"url\":\"https:\\\/\\\/goldendragonmuseum.org\\\/de\\\/explore\\\/support-join\\\/partnership\\\/\",\"name\":\"Our Partners - Golden Dragon Museum \u91d1\u9f99\u535a\u7269\u9986\",\"isPartOf\":{\"@id\":\"https:\\\/\\\/goldendragonmuseum.org\\\/#website\"},\"primaryImageOfPage\":{\"@id\":\"https:\\\/\\\/goldendragonmuseum.org\\\/de\\\/explore\\\/support-join\\\/partnership\\\/#primaryimage\"},\"image\":{\"@id\":\"https:\\\/\\\/goldendragonmuseum.org\\\/de\\\/explore\\\/support-join\\\/partnership\\\/#primaryimage\"},\"thumbnailUrl\":\"https:\\\/\\\/goldendragonmuseum.org\\\/app\\\/uploads\\\/2026\\\/03\\\/561b8a81474c7025f63065f33c9bd9c31814e5c0-1.png\",\"datePublished\":\"2026-01-22T01:33:14+00:00\",\"dateModified\":\"2026-04-27T23:15:21+00:00\",\"breadcrumb\":{\"@id\":\"https:\\\/\\\/goldendragonmuseum.org\\\/de\\\/explore\\\/support-join\\\/partnership\\\/#breadcrumb\"},\"inLanguage\":\"vi\",\"potentialAction\":[{\"@type\":\"ReadAction\",\"target\":[\"https:\\\/\\\/goldendragonmuseum.org\\\/de\\\/explore\\\/support-join\\\/partnership\\\/\"]}]},{\"@type\":\"ImageObject\",\"inLanguage\":\"vi\",\"@id\":\"https:\\\/\\\/goldendragonmuseum.org\\\/de\\\/explore\\\/support-join\\\/partnership\\\/#primaryimage\",\"url\":\"https:\\\/\\\/goldendragonmuseum.org\\\/app\\\/uploads\\\/2026\\\/03\\\/561b8a81474c7025f63065f33c9bd9c31814e5c0-1.png\",\"contentUrl\":\"https:\\\/\\\/goldendragonmuseum.org\\\/app\\\/uploads\\\/2026\\\/03\\\/561b8a81474c7025f63065f33c9bd9c31814e5c0-1.png\"},{\"@type\":\"BreadcrumbList\",\"@id\":\"https:\\\/\\\/goldendragonmuseum.org\\\/de\\\/explore\\\/support-join\\\/partnership\\\/#breadcrumb\",\"itemListElement\":[{\"@type\":\"ListItem\",\"position\":1,\"name\":\"Home\",\"item\":\"https:\\\/\\\/goldendragonmuseum.org\\\/\"},{\"@type\":\"ListItem\",\"position\":2,\"name\":\"Explore\",\"item\":\"https:\\\/\\\/goldendragonmuseum.org\\\/zh_tw\\\/explore\\\/\"},{\"@type\":\"ListItem\",\"position\":3,\"name\":\"Support &amp; Join\",\"item\":\"https:\\\/\\\/goldendragonmuseum.org\\\/zh_tw\\\/explore\\\/support-join\\\/\"},{\"@type\":\"ListItem\",\"position\":4,\"name\":\"Our Partners\"}]},{\"@type\":\"WebSite\",\"@id\":\"https:\\\/\\\/goldendragonmuseum.org\\\/#website\",\"url\":\"https:\\\/\\\/goldendragonmuseum.org\\\/\",\"name\":\"Golden Dragon Museum \u91d1\u9f99\u535a\u7269\u9986\",\"description\":\"\",\"potentialAction\":[{\"@type\":\"SearchAction\",\"target\":{\"@type\":\"EntryPoint\",\"urlTemplate\":\"https:\\\/\\\/goldendragonmuseum.org\\\/?s={search_term_string}\"},\"query-input\":{\"@type\":\"PropertyValueSpecification\",\"valueRequired\":true,\"valueName\":\"search_term_string\"}}],\"inLanguage\":\"vi\"}]}<\/script>\n<!-- \/ Yoast SEO plugin. -->","yoast_head_json":{"title":"\u0110\u1ed1i t\u00e1c c\u1ee7a ch\u00fang t\u00f4i - B\u1ea3o t\u00e0ng R\u1ed3ng V\u00e0ng \u91d1\u9f99\u535a\u7269\u9986","robots":{"index":"index","follow":"follow","max-snippet":"max-snippet:-1","max-image-preview":"max-image-preview:large","max-video-preview":"max-video-preview:-1"},"canonical":"https:\/\/goldendragonmuseum.org\/vi\/kham-pha\/ung-ho-tham-gia\/quan-he-doi-tac\/","og_locale":"vi_VN","og_type":"article","og_title":"Our Partners - Golden Dragon Museum \u91d1\u9f99\u535a\u7269\u9986","og_description":"Thank you! Golden Dragon Museum values all our partners who support our work and make an important contribution to our on-going success and sustainability. We work closely with each partner to develop a mutually beneficial, long-term relationship that has measurable, meaningful, and impactful benefits to them and to the Golden Dragon Museum. If you would [&hellip;]","og_url":"https:\/\/goldendragonmuseum.org\/vi\/kham-pha\/ung-ho-tham-gia\/quan-he-doi-tac\/","og_site_name":"Golden Dragon Museum \u91d1\u9f99\u535a\u7269\u9986","article_modified_time":"2026-04-27T23:15:21+00:00","og_image":[{"width":400,"height":124,"url":"https:\/\/goldendragonmuseum.org\/app\/uploads\/2026\/03\/561b8a81474c7025f63065f33c9bd9c31814e5c0-1.png","type":"image\/png"}],"twitter_card":"summary_large_image","twitter_misc":{"Est. reading time":"4 minutes"},"schema":{"@context":"https:\/\/schema.org","@graph":[{"@type":"WebPage","@id":"https:\/\/goldendragonmuseum.org\/de\/explore\/support-join\/partnership\/","url":"https:\/\/goldendragonmuseum.org\/de\/explore\/support-join\/partnership\/","name":"\u0110\u1ed1i t\u00e1c c\u1ee7a ch\u00fang t\u00f4i - B\u1ea3o t\u00e0ng R\u1ed3ng V\u00e0ng \u91d1\u9f99\u535a\u7269\u9986","isPartOf":{"@id":"https:\/\/goldendragonmuseum.org\/#website"},"primaryImageOfPage":{"@id":"https:\/\/goldendragonmuseum.org\/de\/explore\/support-join\/partnership\/#primaryimage"},"image":{"@id":"https:\/\/goldendragonmuseum.org\/de\/explore\/support-join\/partnership\/#primaryimage"},"thumbnailUrl":"https:\/\/goldendragonmuseum.org\/app\/uploads\/2026\/03\/561b8a81474c7025f63065f33c9bd9c31814e5c0-1.png","datePublished":"2026-01-22T01:33:14+00:00","dateModified":"2026-04-27T23:15:21+00:00","breadcrumb":{"@id":"https:\/\/goldendragonmuseum.org\/de\/explore\/support-join\/partnership\/#breadcrumb"},"inLanguage":"vi","potentialAction":[{"@type":"ReadAction","target":["https:\/\/goldendragonmuseum.org\/de\/explore\/support-join\/partnership\/"]}]},{"@type":"ImageObject","inLanguage":"vi","@id":"https:\/\/goldendragonmuseum.org\/de\/explore\/support-join\/partnership\/#primaryimage","url":"https:\/\/goldendragonmuseum.org\/app\/uploads\/2026\/03\/561b8a81474c7025f63065f33c9bd9c31814e5c0-1.png","contentUrl":"https:\/\/goldendragonmuseum.org\/app\/uploads\/2026\/03\/561b8a81474c7025f63065f33c9bd9c31814e5c0-1.png"},{"@type":"BreadcrumbList","@id":"https:\/\/goldendragonmuseum.org\/de\/explore\/support-join\/partnership\/#breadcrumb","itemListElement":[{"@type":"ListItem","position":1,"name":"Home","item":"https:\/\/goldendragonmuseum.org\/"},{"@type":"ListItem","position":2,"name":"Explore","item":"https:\/\/goldendragonmuseum.org\/zh_tw\/explore\/"},{"@type":"ListItem","position":3,"name":"Support &amp; Join","item":"https:\/\/goldendragonmuseum.org\/zh_tw\/explore\/support-join\/"},{"@type":"ListItem","position":4,"name":"Our Partners"}]},{"@type":"WebSite","@id":"https:\/\/goldendragonmuseum.org\/#website","url":"https:\/\/goldendragonmuseum.org\/","name":"B\u1ea3o t\u00e0ng R\u1ed3ng V\u00e0ng \u91d1\u9f99\u535a\u7269\u9986","description":"","potentialAction":[{"@type":"SearchAction","target":{"@type":"EntryPoint","urlTemplate":"https:\/\/goldendragonmuseum.org\/?s={search_term_string}"},"query-input":{"@type":"PropertyValueSpecification","valueRequired":true,"valueName":"search_term_string"}}],"inLanguage":"vi"}]}},"_links":{"self":[{"href":"https:\/\/goldendragonmuseum.org\/vi\/wp-json\/wp\/v2\/pages\/122","targetHints":{"allow":["GET"]}}],"collection":[{"href":"https:\/\/goldendragonmuseum.org\/vi\/wp-json\/wp\/v2\/pages"}],"about":[{"href":"https:\/\/goldendragonmuseum.org\/vi\/wp-json\/wp\/v2\/types\/page"}],"author":[{"embeddable":true,"href":"https:\/\/goldendragonmuseum.org\/vi\/wp-json\/wp\/v2\/users\/1"}],"replies":[{"embeddable":true,"href":"https:\/\/goldendragonmuseum.org\/vi\/wp-json\/wp\/v2\/comments?post=122"}],"version-history":[{"count":41,"href":"https:\/\/goldendragonmuseum.org\/vi\/wp-json\/wp\/v2\/pages\/122\/revisions"}],"predecessor-version":[{"id":2009,"href":"https:\/\/goldendragonmuseum.org\/vi\/wp-json\/wp\/v2\/pages\/122\/revisions\/2009"}],"up":[{"embeddable":true,"href":"https:\/\/goldendragonmuseum.org\/vi\/wp-json\/wp\/v2\/pages\/118"}],"wp:attachment":[{"href":"https:\/\/goldendragonmuseum.org\/vi\/wp-json\/wp\/v2\/media?parent=122"}],"curies":[{"name":"wp","href":"https:\/\/api.w.org\/{rel}","templated":true}]}}